{"id":101,"date":"2022-05-20T11:52:48","date_gmt":"2022-05-20T11:52:48","guid":{"rendered":"https:\/\/deo.inesctec.pt\/?page_id=101"},"modified":"2022-07-22T09:37:29","modified_gmt":"2022-07-22T09:37:29","slug":"home","status":"publish","type":"page","link":"https:\/\/deo.inesctec.pt\/pt\/","title":{"rendered":"Home"},"content":{"rendered":"<h1 class=\"hestia-title\" style=\"text-align: center;\">Cons\u00f3rcio<\/h1>\n<p style=\"text-align: center;\">O Digital Enhanced Operador (DEO) \u00e9 um projeto de I&amp;D co-promovido por organiza\u00e7\u00f5es de relevo que promovem a inova\u00e7\u00e3o no sector de produ\u00e7\u00e3o industrial, atrav\u00e9s das suas compet\u00eancias e conhecimento espec\u00edficos.<\/p>\n<table width:=\"\" 100=\"\" cellspacing=\"0\" cellpadding=\"0\">\n<tbody>\n<tr>\n<th style=\"border: none;\"><a href=\"https:\/\/kit-ar.com\/\"><img loading=\"lazy\" decoding=\"async\" src=\"https:\/\/deo.inesctec.pt\/wp-content\/uploads\/2022\/07\/Untitled2-300x58.png\" alt=\"\" class=\"alignnone wp-image-428 size-medium\" width=\"300\" height=\"58\" srcset=\"https:\/\/deo.inesctec.pt\/wp-content\/uploads\/2022\/07\/Untitled2-300x58.png 300w, https:\/\/deo.inesctec.pt\/wp-content\/uploads\/2022\/07\/Untitled2-1024x197.png 1024w, https:\/\/deo.inesctec.pt\/wp-content\/uploads\/2022\/07\/Untitled2-768x147.png 768w, https:\/\/deo.inesctec.pt\/wp-content\/uploads\/2022\/07\/Untitled2-18x3.png 18w, https:\/\/deo.inesctec.pt\/wp-content\/uploads\/2022\/07\/Untitled2.png 1266w\" sizes=\"auto, (max-width: 300px) 100vw, 300px\" \/><\/a><\/th>\n<th style=\"border: none;\"><a href=\"https:\/\/www.volkswagenautoeuropa.pt\/\"><img loading=\"lazy\" decoding=\"async\" src=\"https:\/\/deo.inesctec.pt\/wp-content\/uploads\/2022\/07\/image002-1.png\" alt=\"\" class=\"alignnone size-full wp-image-484\" width=\"70\" height=\"70\" srcset=\"https:\/\/deo.inesctec.pt\/wp-content\/uploads\/2022\/07\/image002-1.png 53w, https:\/\/deo.inesctec.pt\/wp-content\/uploads\/2022\/07\/image002-1-12x12.png 12w\" sizes=\"auto, (max-width: 70px) 100vw, 70px\" \/><\/a><\/th>\n<th style=\"border: none;\"><a href=\"https:\/\/www.inesctec.pt\/\"><img loading=\"lazy\" decoding=\"async\" src=\"https:\/\/deo.inesctec.pt\/wp-content\/uploads\/2022\/06\/INESCTECLogotipo_CORPositivo_RGB-300x88.jpg\" alt=\"\" class=\"size-medium wp-image-326 aligncenter\" width=\"300\" height=\"88\" srcset=\"https:\/\/deo.inesctec.pt\/wp-content\/uploads\/2022\/06\/INESCTECLogotipo_CORPositivo_RGB-300x88.jpg 300w, https:\/\/deo.inesctec.pt\/wp-content\/uploads\/2022\/06\/INESCTECLogotipo_CORPositivo_RGB-1024x300.jpg 1024w, https:\/\/deo.inesctec.pt\/wp-content\/uploads\/2022\/06\/INESCTECLogotipo_CORPositivo_RGB-768x225.jpg 768w, https:\/\/deo.inesctec.pt\/wp-content\/uploads\/2022\/06\/INESCTECLogotipo_CORPositivo_RGB-1536x450.jpg 1536w, https:\/\/deo.inesctec.pt\/wp-content\/uploads\/2022\/06\/INESCTECLogotipo_CORPositivo_RGB-2048x599.jpg 2048w, https:\/\/deo.inesctec.pt\/wp-content\/uploads\/2022\/06\/INESCTECLogotipo_CORPositivo_RGB-18x5.jpg 18w\" sizes=\"auto, (max-width: 300px) 100vw, 300px\" \/><\/a><\/th>\n<th style=\"border: none;\"><a href=\"https:\/\/kit-ar.com\/\"><img loading=\"lazy\" decoding=\"async\" src=\"https:\/\/deo.inesctec.pt\/wp-content\/uploads\/2022\/07\/kit-ar1-300x185.png\" alt=\"\" class=\"alignnone wp-image-444 size-medium\" width=\"300\" height=\"185\" srcset=\"https:\/\/deo.inesctec.pt\/wp-content\/uploads\/2022\/07\/kit-ar1-300x185.png 300w, https:\/\/deo.inesctec.pt\/wp-content\/uploads\/2022\/07\/kit-ar1-18x12.png 18w, https:\/\/deo.inesctec.pt\/wp-content\/uploads\/2022\/07\/kit-ar1.png 497w\" sizes=\"auto, (max-width: 300px) 100vw, 300px\" \/><\/th>\n<\/tr>\n<\/tbody>\n<\/table>\n<p>&nbsp;<\/p>","protected":false},"excerpt":{"rendered":"<p>Consortium The Digital Enhanced Operator (DEO) is an R&amp;D project driven by recognized organizations that are advancing innovation in the manufacturing sector, through their unique skillsets and expertise. &nbsp;<\/p>","protected":false},"author":3,"featured_media":0,"parent":0,"menu_order":0,"comment_status":"closed","ping_status":"closed","template":"","meta":{"_monsterinsights_skip_tracking":false,"_monsterinsights_sitenote_active":false,"_monsterinsights_sitenote_note":"","_monsterinsights_sitenote_category":0,"footnotes":""},"class_list":["post-101","page","type-page","status-publish","hentry"],"yoast_head":"<!-- This site is optimized with the Yoast SEO plugin v27.4 - https:\/\/yoast.com\/product\/yoast-seo-wordpress\/ -->\n<title>Home - Digital Enhanced Operator<\/title>\n<meta name=\"robots\" content=\"index, follow, max-snippet:-1, max-image-preview:large, max-video-preview:-1\" \/>\n<link rel=\"canonical\" href=\"https:\/\/deo.inesctec.pt\/pt\/\" \/>\n<meta property=\"og:locale\" content=\"pt_PT\" \/>\n<meta property=\"og:type\" content=\"article\" \/>\n<meta property=\"og:title\" content=\"Home - Digital Enhanced Operator\" \/>\n<meta property=\"og:description\" content=\"Consortium The Digital Enhanced Operator (DEO) is an R&amp;D project driven by recognized organizations that are advancing innovation in the manufacturing sector, through their unique skillsets and expertise. &nbsp;\" \/>\n<meta property=\"og:url\" content=\"https:\/\/deo.inesctec.pt\/pt\/\" \/>\n<meta property=\"og:site_name\" content=\"Digital Enhanced Operator\" \/>\n<meta property=\"article:modified_time\" content=\"2022-07-22T09:37:29+00:00\" \/>\n<meta property=\"og:image\" content=\"https:\/\/deo.inesctec.pt\/wp-content\/uploads\/2022\/07\/Untitled2-300x58.png\" \/>\n<meta name=\"twitter:card\" content=\"summary_large_image\" \/>\n<meta name=\"twitter:label1\" content=\"Tempo estimado de leitura\" \/>\n\t<meta name=\"twitter:data1\" content=\"1 minuto\" \/>\n<script type=\"application\/ld+json\" class=\"yoast-schema-graph\">{\"@context\":\"https:\\\/\\\/schema.org\",\"@graph\":[{\"@type\":\"WebPage\",\"@id\":\"https:\\\/\\\/deo.inesctec.pt\\\/\",\"url\":\"https:\\\/\\\/deo.inesctec.pt\\\/\",\"name\":\"Home - Digital Enhanced Operator\",\"isPartOf\":{\"@id\":\"https:\\\/\\\/deo.inesctec.pt\\\/#website\"},\"primaryImageOfPage\":{\"@id\":\"https:\\\/\\\/deo.inesctec.pt\\\/#primaryimage\"},\"image\":{\"@id\":\"https:\\\/\\\/deo.inesctec.pt\\\/#primaryimage\"},\"thumbnailUrl\":\"https:\\\/\\\/deo.inesctec.pt\\\/wp-content\\\/uploads\\\/2022\\\/07\\\/Untitled2-300x58.png\",\"datePublished\":\"2022-05-20T11:52:48+00:00\",\"dateModified\":\"2022-07-22T09:37:29+00:00\",\"breadcrumb\":{\"@id\":\"https:\\\/\\\/deo.inesctec.pt\\\/#breadcrumb\"},\"inLanguage\":\"pt-PT\",\"potentialAction\":[{\"@type\":\"ReadAction\",\"target\":[\"https:\\\/\\\/deo.inesctec.pt\\\/\"]}]},{\"@type\":\"ImageObject\",\"inLanguage\":\"pt-PT\",\"@id\":\"https:\\\/\\\/deo.inesctec.pt\\\/#primaryimage\",\"url\":\"https:\\\/\\\/deo.inesctec.pt\\\/wp-content\\\/uploads\\\/2022\\\/07\\\/Untitled2-300x58.png\",\"contentUrl\":\"https:\\\/\\\/deo.inesctec.pt\\\/wp-content\\\/uploads\\\/2022\\\/07\\\/Untitled2-300x58.png\"},{\"@type\":\"BreadcrumbList\",\"@id\":\"https:\\\/\\\/deo.inesctec.pt\\\/#breadcrumb\",\"itemListElement\":[{\"@type\":\"ListItem\",\"position\":1,\"name\":\"Home\",\"item\":\"https:\\\/\\\/deo.inesctec.pt\\\/\"},{\"@type\":\"ListItem\",\"position\":2,\"name\":\"Home\"}]},{\"@type\":\"WebSite\",\"@id\":\"https:\\\/\\\/deo.inesctec.pt\\\/#website\",\"url\":\"https:\\\/\\\/deo.inesctec.pt\\\/\",\"name\":\"Digital Enhanced Operator\",\"description\":\"Digital Enhanced Operator\",\"publisher\":{\"@id\":\"https:\\\/\\\/deo.inesctec.pt\\\/#organization\"},\"potentialAction\":[{\"@type\":\"SearchAction\",\"target\":{\"@type\":\"EntryPoint\",\"urlTemplate\":\"https:\\\/\\\/deo.inesctec.pt\\\/?s={search_term_string}\"},\"query-input\":{\"@type\":\"PropertyValueSpecification\",\"valueRequired\":true,\"valueName\":\"search_term_string\"}}],\"inLanguage\":\"pt-PT\"},{\"@type\":\"Organization\",\"@id\":\"https:\\\/\\\/deo.inesctec.pt\\\/#organization\",\"name\":\"Digital Enhanced Operator\",\"url\":\"https:\\\/\\\/deo.inesctec.pt\\\/\",\"logo\":{\"@type\":\"ImageObject\",\"inLanguage\":\"pt-PT\",\"@id\":\"https:\\\/\\\/deo.inesctec.pt\\\/#\\\/schema\\\/logo\\\/image\\\/\",\"url\":\"https:\\\/\\\/deo.inesctec.pt\\\/wp-content\\\/uploads\\\/2022\\\/06\\\/cropped-DEO_logo_blue.png\",\"contentUrl\":\"https:\\\/\\\/deo.inesctec.pt\\\/wp-content\\\/uploads\\\/2022\\\/06\\\/cropped-DEO_logo_blue.png\",\"width\":519,\"height\":251,\"caption\":\"Digital Enhanced Operator\"},\"image\":{\"@id\":\"https:\\\/\\\/deo.inesctec.pt\\\/#\\\/schema\\\/logo\\\/image\\\/\"}}]}<\/script>\n<!-- \/ Yoast SEO plugin. -->","yoast_head_json":{"title":"Home - Digital Enhanced Operator","robots":{"index":"index","follow":"follow","max-snippet":"max-snippet:-1","max-image-preview":"max-image-preview:large","max-video-preview":"max-video-preview:-1"},"canonical":"https:\/\/deo.inesctec.pt\/pt\/","og_locale":"pt_PT","og_type":"article","og_title":"Home - Digital Enhanced Operator","og_description":"Consortium The Digital Enhanced Operator (DEO) is an R&amp;D project driven by recognized organizations that are advancing innovation in the manufacturing sector, through their unique skillsets and expertise. &nbsp;","og_url":"https:\/\/deo.inesctec.pt\/pt\/","og_site_name":"Digital Enhanced Operator","article_modified_time":"2022-07-22T09:37:29+00:00","og_image":[{"url":"https:\/\/deo.inesctec.pt\/wp-content\/uploads\/2022\/07\/Untitled2-300x58.png","type":"","width":"","height":""}],"twitter_card":"summary_large_image","twitter_misc":{"Tempo estimado de leitura":"1 minuto"},"schema":{"@context":"https:\/\/schema.org","@graph":[{"@type":"WebPage","@id":"https:\/\/deo.inesctec.pt\/","url":"https:\/\/deo.inesctec.pt\/","name":"Home - Digital Enhanced Operator","isPartOf":{"@id":"https:\/\/deo.inesctec.pt\/#website"},"primaryImageOfPage":{"@id":"https:\/\/deo.inesctec.pt\/#primaryimage"},"image":{"@id":"https:\/\/deo.inesctec.pt\/#primaryimage"},"thumbnailUrl":"https:\/\/deo.inesctec.pt\/wp-content\/uploads\/2022\/07\/Untitled2-300x58.png","datePublished":"2022-05-20T11:52:48+00:00","dateModified":"2022-07-22T09:37:29+00:00","breadcrumb":{"@id":"https:\/\/deo.inesctec.pt\/#breadcrumb"},"inLanguage":"pt-PT","potentialAction":[{"@type":"ReadAction","target":["https:\/\/deo.inesctec.pt\/"]}]},{"@type":"ImageObject","inLanguage":"pt-PT","@id":"https:\/\/deo.inesctec.pt\/#primaryimage","url":"https:\/\/deo.inesctec.pt\/wp-content\/uploads\/2022\/07\/Untitled2-300x58.png","contentUrl":"https:\/\/deo.inesctec.pt\/wp-content\/uploads\/2022\/07\/Untitled2-300x58.png"},{"@type":"BreadcrumbList","@id":"https:\/\/deo.inesctec.pt\/#breadcrumb","itemListElement":[{"@type":"ListItem","position":1,"name":"Home","item":"https:\/\/deo.inesctec.pt\/"},{"@type":"ListItem","position":2,"name":"Home"}]},{"@type":"WebSite","@id":"https:\/\/deo.inesctec.pt\/#website","url":"https:\/\/deo.inesctec.pt\/","name":"Digital Enhanced Operator","description":"Digital Enhanced Operator","publisher":{"@id":"https:\/\/deo.inesctec.pt\/#organization"},"potentialAction":[{"@type":"SearchAction","target":{"@type":"EntryPoint","urlTemplate":"https:\/\/deo.inesctec.pt\/?s={search_term_string}"},"query-input":{"@type":"PropertyValueSpecification","valueRequired":true,"valueName":"search_term_string"}}],"inLanguage":"pt-PT"},{"@type":"Organization","@id":"https:\/\/deo.inesctec.pt\/#organization","name":"Digital Enhanced Operator","url":"https:\/\/deo.inesctec.pt\/","logo":{"@type":"ImageObject","inLanguage":"pt-PT","@id":"https:\/\/deo.inesctec.pt\/#\/schema\/logo\/image\/","url":"https:\/\/deo.inesctec.pt\/wp-content\/uploads\/2022\/06\/cropped-DEO_logo_blue.png","contentUrl":"https:\/\/deo.inesctec.pt\/wp-content\/uploads\/2022\/06\/cropped-DEO_logo_blue.png","width":519,"height":251,"caption":"Digital Enhanced Operator"},"image":{"@id":"https:\/\/deo.inesctec.pt\/#\/schema\/logo\/image\/"}}]}},"_links":{"self":[{"href":"https:\/\/deo.inesctec.pt\/pt\/wp-json\/wp\/v2\/pages\/101","targetHints":{"allow":["GET"]}}],"collection":[{"href":"https:\/\/deo.inesctec.pt\/pt\/wp-json\/wp\/v2\/pages"}],"about":[{"href":"https:\/\/deo.inesctec.pt\/pt\/wp-json\/wp\/v2\/types\/page"}],"author":[{"embeddable":true,"href":"https:\/\/deo.inesctec.pt\/pt\/wp-json\/wp\/v2\/users\/3"}],"replies":[{"embeddable":true,"href":"https:\/\/deo.inesctec.pt\/pt\/wp-json\/wp\/v2\/comments?post=101"}],"version-history":[{"count":32,"href":"https:\/\/deo.inesctec.pt\/pt\/wp-json\/wp\/v2\/pages\/101\/revisions"}],"predecessor-version":[{"id":504,"href":"https:\/\/deo.inesctec.pt\/pt\/wp-json\/wp\/v2\/pages\/101\/revisions\/504"}],"wp:attachment":[{"href":"https:\/\/deo.inesctec.pt\/pt\/wp-json\/wp\/v2\/media?parent=101"}],"curies":[{"name":"wp","href":"https:\/\/api.w.org\/{rel}","templated":true}]}}