{"id":515,"date":"2022-08-10T14:45:49","date_gmt":"2022-08-10T14:45:49","guid":{"rendered":"https:\/\/deo.inesctec.pt\/?page_id=515"},"modified":"2022-08-10T14:59:33","modified_gmt":"2022-08-10T14:59:33","slug":"press-media","status":"publish","type":"page","link":"https:\/\/deo.inesctec.pt\/pt\/press-media\/","title":{"rendered":"Kit de Comunica\u00e7\u00e3o"},"content":{"rendered":"<h2 class=\"hestia-title\" style=\"text-align: center;\"><strong>Bem-vindo ao kit de comunica\u00e7\u00e3o do DEO<\/strong><\/h2>\n<div style=\"text-align: justify; text-justify: auto; width: 75%; margin: auto;\">\n<p style=\"text-align: center;\">Nesta p\u00e1gina poder\u00e1 encontrar facilmente os recursos necess\u00e1rios para facilitar o seu trabalho enquanto profissional<\/p>\n<p>&nbsp;<\/p>\n<\/div>\n<table width:=\"\" 100=\"\" cellspacing=\"0\" cellpadding=\"0\">\n<tbody>\n<tr style=\"border: none; width: 50%;\">\n<th><img loading=\"lazy\" decoding=\"async\" src=\"https:\/\/deo.inesctec.pt\/wp-content\/uploads\/2022\/08\/DEO_logo_blue-300x200.png\" alt=\"DEO's blue logo\" class=\"alignnone wp-image-513 size-medium\" width=\"300\" height=\"200\" srcset=\"https:\/\/deo.inesctec.pt\/wp-content\/uploads\/2022\/08\/DEO_logo_blue-300x200.png 300w, https:\/\/deo.inesctec.pt\/wp-content\/uploads\/2022\/08\/DEO_logo_blue-18x12.png 18w, https:\/\/deo.inesctec.pt\/wp-content\/uploads\/2022\/08\/DEO_logo_blue-360x240.png 360w, https:\/\/deo.inesctec.pt\/wp-content\/uploads\/2022\/08\/DEO_logo_blue.png 600w\" sizes=\"auto, (max-width: 300px) 100vw, 300px\" \/><\/th>\n<th style=\"border: none;\"><img loading=\"lazy\" decoding=\"async\" src=\"https:\/\/deo.inesctec.pt\/wp-content\/uploads\/2022\/08\/Airbus-300x201.jpg\" alt=\"KIT-AR_product\" class=\"alignnone wp-image-517 size-medium\" width=\"300\" height=\"201\" srcset=\"https:\/\/deo.inesctec.pt\/wp-content\/uploads\/2022\/08\/Airbus-300x201.jpg 300w, https:\/\/deo.inesctec.pt\/wp-content\/uploads\/2022\/08\/Airbus-768x514.jpg 768w, https:\/\/deo.inesctec.pt\/wp-content\/uploads\/2022\/08\/Airbus-18x12.jpg 18w, https:\/\/deo.inesctec.pt\/wp-content\/uploads\/2022\/08\/Airbus-360x240.jpg 360w, https:\/\/deo.inesctec.pt\/wp-content\/uploads\/2022\/08\/Airbus.jpg 1024w\" sizes=\"auto, (max-width: 300px) 100vw, 300px\" \/><\/th>\n<\/tr>\n<tr style=\"border: none;\">\n<td style=\"border: none;\"><strong>Logot\u00edpos<\/strong><\/td>\n<td style=\"border: none;\"><strong>Imagens do Projeto<\/strong><\/td>\n<\/tr>\n<tr style=\"border: none;\">\n<td style=\"border: none;\"><em>Conjunto completo de logot\u00edpos do DEO, prontos para serem publicados<\/em><\/p>\n<p><a href=\"https:\/\/deo.inesctec.pt\/wp-content\/uploads\/2022\/08\/DEO_Logos.zip\"><i class=\"fas fa-download\"><\/i><\/a><\/td>\n<td style=\"border: none;\"><em>Conjunto completo de imagens referentes ao DEO, pronto para serem publicadas<\/em><\/p>\n<p><a href=\"https:\/\/deo.inesctec.pt\/wp-content\/uploads\/2022\/08\/DEO_Stock_Images.zip\"><i class=\"fas fa-download\"><\/i><\/a><\/td>\n<\/tr>\n<\/tbody>\n<\/table>\n<table width:=\"\" 100=\"\" cellspacing=\"0\" cellpadding=\"0\">\n<tbody>\n<tr style=\"border: none; width: 50%;\">\n<th><\/th>\n<\/tr>\n<tr style=\"border: none;\">\n<td style=\"border: none;\"><strong>Em caso de d\u00favida<\/strong><\/td>\n<\/tr>\n<tr style=\"border: none;\">\n<td style=\"border: none;\">Para futuras quest\u00f5es, entre em contacto com a equipa respons\u00e1vel pelo projeto atrav\u00e9s do e-mail info@kit-ar.com<\/td>\n<\/tr>\n<\/tbody>\n<\/table>","protected":false},"excerpt":{"rendered":"<p>Welcome to DEO&#8217;s media press kit On this page, you can easily find various recourses aimed at accelerating your work as a journalist or media professional. &nbsp; Brand &amp; Logos Project Images Full set of DEO&#8217;s logo images, ready to publish in print or web. Full set of DEO&#8217;s stock [&hellip;]<\/p>\n","protected":false},"author":6,"featured_media":0,"parent":0,"menu_order":0,"comment_status":"closed","ping_status":"closed","template":"","meta":{"_monsterinsights_skip_tracking":false,"_monsterinsights_sitenote_active":false,"_monsterinsights_sitenote_note":"","_monsterinsights_sitenote_category":0,"footnotes":""},"class_list":["post-515","page","type-page","status-publish","hentry"],"yoast_head":"<!-- This site is optimized with the Yoast SEO plugin v27.4 - https:\/\/yoast.com\/product\/yoast-seo-wordpress\/ -->\n<title>Media Press Kit - Digital Enhanced Operator<\/title>\n<meta name=\"robots\" content=\"index, follow, max-snippet:-1, max-image-preview:large, max-video-preview:-1\" \/>\n<link rel=\"canonical\" href=\"https:\/\/deo.inesctec.pt\/pt\/press-media\/\" \/>\n<meta property=\"og:locale\" content=\"pt_PT\" \/>\n<meta property=\"og:type\" content=\"article\" \/>\n<meta property=\"og:title\" content=\"Media Press Kit - Digital Enhanced Operator\" \/>\n<meta property=\"og:description\" content=\"Welcome to DEO&#8217;s media press kit On this page, you can easily find various recourses aimed at accelerating your work as a journalist or media professional. &nbsp; Brand &amp; Logos Project Images Full set of DEO&#8217;s logo images, ready to publish in print or web. Full set of DEO&#8217;s stock [&hellip;]\" \/>\n<meta property=\"og:url\" content=\"https:\/\/deo.inesctec.pt\/pt\/press-media\/\" \/>\n<meta property=\"og:site_name\" content=\"Digital Enhanced Operator\" \/>\n<meta property=\"article:modified_time\" content=\"2022-08-10T14:59:33+00:00\" \/>\n<meta property=\"og:image\" content=\"https:\/\/deo.inesctec.pt\/wp-content\/uploads\/2022\/08\/DEO_logo_blue-300x200.png\" \/>\n<meta name=\"twitter:card\" content=\"summary_large_image\" \/>\n<meta name=\"twitter:label1\" content=\"Tempo estimado de leitura\" \/>\n\t<meta name=\"twitter:data1\" content=\"1 minuto\" \/>\n<script type=\"application\/ld+json\" class=\"yoast-schema-graph\">{\"@context\":\"https:\\\/\\\/schema.org\",\"@graph\":[{\"@type\":\"WebPage\",\"@id\":\"https:\\\/\\\/deo.inesctec.pt\\\/press-media\\\/\",\"url\":\"https:\\\/\\\/deo.inesctec.pt\\\/press-media\\\/\",\"name\":\"Media Press Kit - Digital Enhanced Operator\",\"isPartOf\":{\"@id\":\"https:\\\/\\\/deo.inesctec.pt\\\/#website\"},\"primaryImageOfPage\":{\"@id\":\"https:\\\/\\\/deo.inesctec.pt\\\/press-media\\\/#primaryimage\"},\"image\":{\"@id\":\"https:\\\/\\\/deo.inesctec.pt\\\/press-media\\\/#primaryimage\"},\"thumbnailUrl\":\"https:\\\/\\\/deo.inesctec.pt\\\/wp-content\\\/uploads\\\/2022\\\/08\\\/DEO_logo_blue-300x200.png\",\"datePublished\":\"2022-08-10T14:45:49+00:00\",\"dateModified\":\"2022-08-10T14:59:33+00:00\",\"breadcrumb\":{\"@id\":\"https:\\\/\\\/deo.inesctec.pt\\\/press-media\\\/#breadcrumb\"},\"inLanguage\":\"pt-PT\",\"potentialAction\":[{\"@type\":\"ReadAction\",\"target\":[\"https:\\\/\\\/deo.inesctec.pt\\\/press-media\\\/\"]}]},{\"@type\":\"ImageObject\",\"inLanguage\":\"pt-PT\",\"@id\":\"https:\\\/\\\/deo.inesctec.pt\\\/press-media\\\/#primaryimage\",\"url\":\"https:\\\/\\\/deo.inesctec.pt\\\/wp-content\\\/uploads\\\/2022\\\/08\\\/DEO_logo_blue-300x200.png\",\"contentUrl\":\"https:\\\/\\\/deo.inesctec.pt\\\/wp-content\\\/uploads\\\/2022\\\/08\\\/DEO_logo_blue-300x200.png\"},{\"@type\":\"BreadcrumbList\",\"@id\":\"https:\\\/\\\/deo.inesctec.pt\\\/press-media\\\/#breadcrumb\",\"itemListElement\":[{\"@type\":\"ListItem\",\"position\":1,\"name\":\"Home\",\"item\":\"https:\\\/\\\/deo.inesctec.pt\\\/\"},{\"@type\":\"ListItem\",\"position\":2,\"name\":\"Media Press Kit\"}]},{\"@type\":\"WebSite\",\"@id\":\"https:\\\/\\\/deo.inesctec.pt\\\/#website\",\"url\":\"https:\\\/\\\/deo.inesctec.pt\\\/\",\"name\":\"Digital Enhanced Operator\",\"description\":\"Digital Enhanced Operator\",\"publisher\":{\"@id\":\"https:\\\/\\\/deo.inesctec.pt\\\/#organization\"},\"potentialAction\":[{\"@type\":\"SearchAction\",\"target\":{\"@type\":\"EntryPoint\",\"urlTemplate\":\"https:\\\/\\\/deo.inesctec.pt\\\/?s={search_term_string}\"},\"query-input\":{\"@type\":\"PropertyValueSpecification\",\"valueRequired\":true,\"valueName\":\"search_term_string\"}}],\"inLanguage\":\"pt-PT\"},{\"@type\":\"Organization\",\"@id\":\"https:\\\/\\\/deo.inesctec.pt\\\/#organization\",\"name\":\"Digital Enhanced Operator\",\"url\":\"https:\\\/\\\/deo.inesctec.pt\\\/\",\"logo\":{\"@type\":\"ImageObject\",\"inLanguage\":\"pt-PT\",\"@id\":\"https:\\\/\\\/deo.inesctec.pt\\\/#\\\/schema\\\/logo\\\/image\\\/\",\"url\":\"https:\\\/\\\/deo.inesctec.pt\\\/wp-content\\\/uploads\\\/2022\\\/06\\\/cropped-DEO_logo_blue.png\",\"contentUrl\":\"https:\\\/\\\/deo.inesctec.pt\\\/wp-content\\\/uploads\\\/2022\\\/06\\\/cropped-DEO_logo_blue.png\",\"width\":519,\"height\":251,\"caption\":\"Digital Enhanced Operator\"},\"image\":{\"@id\":\"https:\\\/\\\/deo.inesctec.pt\\\/#\\\/schema\\\/logo\\\/image\\\/\"}}]}<\/script>\n<!-- \/ Yoast SEO plugin. -->","yoast_head_json":{"title":"Media Press Kit - Digital Enhanced Operator","robots":{"index":"index","follow":"follow","max-snippet":"max-snippet:-1","max-image-preview":"max-image-preview:large","max-video-preview":"max-video-preview:-1"},"canonical":"https:\/\/deo.inesctec.pt\/pt\/press-media\/","og_locale":"pt_PT","og_type":"article","og_title":"Media Press Kit - Digital Enhanced Operator","og_description":"Welcome to DEO&#8217;s media press kit On this page, you can easily find various recourses aimed at accelerating your work as a journalist or media professional. &nbsp; Brand &amp; Logos Project Images Full set of DEO&#8217;s logo images, ready to publish in print or web. Full set of DEO&#8217;s stock [&hellip;]","og_url":"https:\/\/deo.inesctec.pt\/pt\/press-media\/","og_site_name":"Digital Enhanced Operator","article_modified_time":"2022-08-10T14:59:33+00:00","og_image":[{"url":"https:\/\/deo.inesctec.pt\/wp-content\/uploads\/2022\/08\/DEO_logo_blue-300x200.png","type":"","width":"","height":""}],"twitter_card":"summary_large_image","twitter_misc":{"Tempo estimado de leitura":"1 minuto"},"schema":{"@context":"https:\/\/schema.org","@graph":[{"@type":"WebPage","@id":"https:\/\/deo.inesctec.pt\/press-media\/","url":"https:\/\/deo.inesctec.pt\/press-media\/","name":"Media Press Kit - Digital Enhanced Operator","isPartOf":{"@id":"https:\/\/deo.inesctec.pt\/#website"},"primaryImageOfPage":{"@id":"https:\/\/deo.inesctec.pt\/press-media\/#primaryimage"},"image":{"@id":"https:\/\/deo.inesctec.pt\/press-media\/#primaryimage"},"thumbnailUrl":"https:\/\/deo.inesctec.pt\/wp-content\/uploads\/2022\/08\/DEO_logo_blue-300x200.png","datePublished":"2022-08-10T14:45:49+00:00","dateModified":"2022-08-10T14:59:33+00:00","breadcrumb":{"@id":"https:\/\/deo.inesctec.pt\/press-media\/#breadcrumb"},"inLanguage":"pt-PT","potentialAction":[{"@type":"ReadAction","target":["https:\/\/deo.inesctec.pt\/press-media\/"]}]},{"@type":"ImageObject","inLanguage":"pt-PT","@id":"https:\/\/deo.inesctec.pt\/press-media\/#primaryimage","url":"https:\/\/deo.inesctec.pt\/wp-content\/uploads\/2022\/08\/DEO_logo_blue-300x200.png","contentUrl":"https:\/\/deo.inesctec.pt\/wp-content\/uploads\/2022\/08\/DEO_logo_blue-300x200.png"},{"@type":"BreadcrumbList","@id":"https:\/\/deo.inesctec.pt\/press-media\/#breadcrumb","itemListElement":[{"@type":"ListItem","position":1,"name":"Home","item":"https:\/\/deo.inesctec.pt\/"},{"@type":"ListItem","position":2,"name":"Media Press Kit"}]},{"@type":"WebSite","@id":"https:\/\/deo.inesctec.pt\/#website","url":"https:\/\/deo.inesctec.pt\/","name":"Digital Enhanced Operator","description":"Digital Enhanced Operator","publisher":{"@id":"https:\/\/deo.inesctec.pt\/#organization"},"potentialAction":[{"@type":"SearchAction","target":{"@type":"EntryPoint","urlTemplate":"https:\/\/deo.inesctec.pt\/?s={search_term_string}"},"query-input":{"@type":"PropertyValueSpecification","valueRequired":true,"valueName":"search_term_string"}}],"inLanguage":"pt-PT"},{"@type":"Organization","@id":"https:\/\/deo.inesctec.pt\/#organization","name":"Digital Enhanced Operator","url":"https:\/\/deo.inesctec.pt\/","logo":{"@type":"ImageObject","inLanguage":"pt-PT","@id":"https:\/\/deo.inesctec.pt\/#\/schema\/logo\/image\/","url":"https:\/\/deo.inesctec.pt\/wp-content\/uploads\/2022\/06\/cropped-DEO_logo_blue.png","contentUrl":"https:\/\/deo.inesctec.pt\/wp-content\/uploads\/2022\/06\/cropped-DEO_logo_blue.png","width":519,"height":251,"caption":"Digital Enhanced Operator"},"image":{"@id":"https:\/\/deo.inesctec.pt\/#\/schema\/logo\/image\/"}}]}},"_links":{"self":[{"href":"https:\/\/deo.inesctec.pt\/pt\/wp-json\/wp\/v2\/pages\/515","targetHints":{"allow":["GET"]}}],"collection":[{"href":"https:\/\/deo.inesctec.pt\/pt\/wp-json\/wp\/v2\/pages"}],"about":[{"href":"https:\/\/deo.inesctec.pt\/pt\/wp-json\/wp\/v2\/types\/page"}],"author":[{"embeddable":true,"href":"https:\/\/deo.inesctec.pt\/pt\/wp-json\/wp\/v2\/users\/6"}],"replies":[{"embeddable":true,"href":"https:\/\/deo.inesctec.pt\/pt\/wp-json\/wp\/v2\/comments?post=515"}],"version-history":[{"count":11,"href":"https:\/\/deo.inesctec.pt\/pt\/wp-json\/wp\/v2\/pages\/515\/revisions"}],"predecessor-version":[{"id":529,"href":"https:\/\/deo.inesctec.pt\/pt\/wp-json\/wp\/v2\/pages\/515\/revisions\/529"}],"wp:attachment":[{"href":"https:\/\/deo.inesctec.pt\/pt\/wp-json\/wp\/v2\/media?parent=515"}],"curies":[{"name":"wp","href":"https:\/\/api.w.org\/{rel}","templated":true}]}}